{"id":24,"date":"2024-04-13T17:57:32","date_gmt":"2024-04-13T17:57:32","guid":{"rendered":"https:\/\/silventoiset-silvennoiset.fi\/wp\/?page_id=24"},"modified":"2024-06-23T20:50:13","modified_gmt":"2024-06-23T20:50:13","slug":"sukuseura","status":"publish","type":"page","link":"https:\/\/www.silventoiset-silvennoiset.fi\/wp\/sukuseura\/","title":{"rendered":"Sukuseura"},"content":{"rendered":"\n<p>Sukuseura Silventoiset ja Silvennoiset ry on perustettu v. 1967 ja sen kotipaikka on Parikkala. Seuran tarkoitus on ollut alusta alkaen koota yhteen seuran j\u00e4seni\u00e4 kutsumalla heit\u00e4 sukutapahtumiin ja sukukokouksiin, ker\u00e4t\u00e4 tietoja suvustamme ja harjoittaa sukututkimusta. Perinteisin menetelmin on l\u00f6ydetty eri paikkakuntien sukuhaaroja ja mm. Kerim\u00e4elt\u00e4 per\u00e4ti seitsem\u00e4n eri sukuhaaraa (Pirkko Siltanen: <a href=\"https:\/\/www.silventoiset-silvennoiset.fi\/wp\/2014\/05\/04\/sukukirja-kerimaen-silvennoisista-ja-silventoisista\/\" data-type=\"page\" data-id=\"452\">Kerim\u00e4en Silvennoiset<\/a>). DNA-testit ovat auttaneet sukuhaarojen v\u00e4listen yhteyksien etsimisess\u00e4 ja lis\u00e4nneet tutkimusta monella tavalla. Jokaiselle seuramme\u00a0 j\u00e4senelle on l\u00f6ydetty sukuhaara. Juuristaan kiinnostuneelle se olisi hyv\u00e4 l\u00e4ht\u00f6kohta omalle tutkimusmatkalle.\u00a0<\/p>\n\n\n\n<p>Sukuseuran perustivat Parikkalan Mikkolanniemen\u00a0Silventoiset, mm. <a href=\"https:\/\/www.silventoiset-silvennoiset.fi\/wp\/wp-content\/uploads\/2024\/05\/Mak-Ierikan-jalkelaiset.pdf\">M\u00e4k&#8217;Ierik\u00e4n j\u00e4lkel\u00e4iset<\/a>. My\u00f6hemmin sukuseura on laajentunut k\u00e4sitt\u00e4m\u00e4\u00e4n koko Suomen Silventoiset ja Silvennoiset. Molemmat nimet pohjautuvat ortodoksiseen henkil\u00f6nimeen Silvanos, joka muuntautui suomalaiseen muotoon Silva ja siit\u00e4 nimi Silvantoinen. <a href=\"https:\/\/www.silventoiset-silvennoiset.fi\/wp\/2024\/06\/23\/sukumme-varhaisimmista-vaiheista\/\">Varhaisin maininta Silventoisen ja Silvennoisen suvusta<\/a> on Savon maakirjassa vuodelta 1541 nimell\u00e4 Silvantoinen.<\/p>\n\n\n\n<p>Silvenoin tai Silvenoinen tuli vallitsevaksi muodoksi 1600-luvulla. Kerim\u00e4en ensimm\u00e4inen kirkko Kerim\u00e4en Kallum\u00e4ell\u00e4 1640-luvulla on rakennettu Heikki Antinpoika Silvenoisen maalle.<\/p>\n\n\n\n<p>Yksi muoto 1800-luvulle saakka oli Silvandoinen (Siluandoin) ja Silvendoinen, joka K\u00e4kisalmen l\u00e4\u00e4niss\u00e4 \u00e4\u00e4nnettiin Silventoinen. T\u00e4st\u00e4 on tehty johtop\u00e4\u00e4t\u00f6s, ett\u00e4 Silvennoinen on savolainen ja Silventoinen karjalainen muoto. Monissa suvuissa n\u00e4m\u00e4 nimet ovat olleet rinnakkaisia viime vuosisadan puoliv\u00e4liin asti.\u00a0 <\/p>\n\n\n\n<p>Kerim\u00e4en, Parikkalan ja Sortavalan sukuhaaroista on l\u00e4hdetty Pietariin hopeasep\u00e4n ja nuohoojan oppiin sek\u00e4 t\u00f6ihin rautateille. Pietarissa sanotaan olleen 1800-luvun lopulla toistasataa suvun j\u00e4sent\u00e4. Siell\u00e4 Silvennoiset muuttuivat usein Silventoiseksi.\u00a0Sukuseuran perustamisen aikoihin sukua oli  molemmin puolin\u00a0nykyist\u00e4 valtakunnan rajaa. <\/p>\n\n\n\n<p>Sukuseuran Silventoiset-Silvennoiset toiminnasta vastaa sukuneuvosto. Neuvostossa on viisi varsinaista ja kaksi varaj\u00e4sent\u00e4. Yhteystiedot ja vastuualueet l\u00f6ytyv\u00e4t&nbsp;<a href=\"https:\/\/silventoiset-silvennoiset.fi\/wp\/yhteystiedot\/\" data-type=\"page\" data-id=\"65\">t\u00e4\u00e4lt\u00e4<\/a>.<\/p>\n","protected":false},"excerpt":{"rendered":"<p>Sukuseura Silventoiset ja Silvennoiset ry on perustettu v. 1967 ja sen kotipaikka on Parikkala. Seuran tarkoitus on ollut alusta alkaen koota yhteen seuran j\u00e4seni\u00e4 kutsumalla heit\u00e4 sukutapahtumiin ja sukukokouksiin, ker\u00e4t\u00e4 tietoja suvustamme ja harjoittaa sukututkimusta. Perinteisin menetelmin on l\u00f6ydetty eri paikkakuntien sukuhaaroja ja mm. Kerim\u00e4elt\u00e4 per\u00e4ti seitsem\u00e4n eri sukuhaaraa (Pirkko Siltanen: Kerim\u00e4en Silvennoiset). DNA-testit ovat [&hellip;]<\/p>\n","protected":false},"author":2,"featured_media":0,"parent":0,"menu_order":1,"comment_status":"closed","ping_status":"closed","template":"","meta":{"footnotes":""},"class_list":["post-24","page","type-page","status-publish","hentry"],"_links":{"self":[{"href":"https:\/\/www.silventoiset-silvennoiset.fi\/wp\/wp-json\/wp\/v2\/pages\/24","targetHints":{"allow":["GET"]}}],"collection":[{"href":"https:\/\/www.silventoiset-silvennoiset.fi\/wp\/wp-json\/wp\/v2\/pages"}],"about":[{"href":"https:\/\/www.silventoiset-silvennoiset.fi\/wp\/wp-json\/wp\/v2\/types\/page"}],"author":[{"embeddable":true,"href":"https:\/\/www.silventoiset-silvennoiset.fi\/wp\/wp-json\/wp\/v2\/users\/2"}],"replies":[{"embeddable":true,"href":"https:\/\/www.silventoiset-silvennoiset.fi\/wp\/wp-json\/wp\/v2\/comments?post=24"}],"version-history":[{"count":20,"href":"https:\/\/www.silventoiset-silvennoiset.fi\/wp\/wp-json\/wp\/v2\/pages\/24\/revisions"}],"predecessor-version":[{"id":703,"href":"https:\/\/www.silventoiset-silvennoiset.fi\/wp\/wp-json\/wp\/v2\/pages\/24\/revisions\/703"}],"wp:attachment":[{"href":"https:\/\/www.silventoiset-silvennoiset.fi\/wp\/wp-json\/wp\/v2\/media?parent=24"}],"curies":[{"name":"wp","href":"https:\/\/api.w.org\/{rel}","templated":true}]}}